{"id":468,"date":"2024-11-22T19:36:49","date_gmt":"2024-11-22T19:36:49","guid":{"rendered":"https:\/\/alvesfilho.com\/365\/?page_id=468"},"modified":"2024-11-22T19:37:43","modified_gmt":"2024-11-22T19:37:43","slug":"exposicao-exhibition","status":"publish","type":"page","link":"https:\/\/alvesfilho.com\/365\/exposicao-exhibition\/","title":{"rendered":"Exposi\u00e7\u00e3o \/ Exhibition"},"content":{"rendered":"\n<p class=\"has-text-align-center\">Em 2012 uma sele\u00e7\u00e3o de 100 fotos do projeto esteve em exposi\u00e7\u00e3o dentro do Farol da Barra, recebendo a visita de mais de 17.000 pessoas. <\/p>\n\n\n<div class=\"wp-block-image\">\n<figure class=\"aligncenter size-full\"><img data-recalc-dims=\"1\" loading=\"lazy\" decoding=\"async\" width=\"939\" height=\"470\" src=\"https:\/\/i0.wp.com\/alvesfilho.com\/365\/wp-content\/uploads\/2024\/11\/exposicao-2.jpg?resize=939%2C470&#038;ssl=1\" alt=\"\" class=\"wp-image-471\" srcset=\"https:\/\/i0.wp.com\/alvesfilho.com\/365\/wp-content\/uploads\/2024\/11\/exposicao-2.jpg?w=939&amp;ssl=1 939w, https:\/\/i0.wp.com\/alvesfilho.com\/365\/wp-content\/uploads\/2024\/11\/exposicao-2.jpg?resize=300%2C150&amp;ssl=1 300w, https:\/\/i0.wp.com\/alvesfilho.com\/365\/wp-content\/uploads\/2024\/11\/exposicao-2.jpg?resize=768%2C384&amp;ssl=1 768w, https:\/\/i0.wp.com\/alvesfilho.com\/365\/wp-content\/uploads\/2024\/11\/exposicao-2.jpg?resize=600%2C300&amp;ssl=1 600w\" sizes=\"auto, (max-width: 939px) 100vw, 939px\" \/><\/figure>\n<\/div>\n\n<div class=\"wp-block-image\">\n<figure class=\"aligncenter size-full\"><img data-recalc-dims=\"1\" loading=\"lazy\" decoding=\"async\" width=\"940\" height=\"470\" src=\"https:\/\/i0.wp.com\/alvesfilho.com\/365\/wp-content\/uploads\/2024\/11\/exposicao-3.jpg?resize=940%2C470&#038;ssl=1\" alt=\"\" class=\"wp-image-472\" srcset=\"https:\/\/i0.wp.com\/alvesfilho.com\/365\/wp-content\/uploads\/2024\/11\/exposicao-3.jpg?w=940&amp;ssl=1 940w, https:\/\/i0.wp.com\/alvesfilho.com\/365\/wp-content\/uploads\/2024\/11\/exposicao-3.jpg?resize=300%2C150&amp;ssl=1 300w, https:\/\/i0.wp.com\/alvesfilho.com\/365\/wp-content\/uploads\/2024\/11\/exposicao-3.jpg?resize=768%2C384&amp;ssl=1 768w, https:\/\/i0.wp.com\/alvesfilho.com\/365\/wp-content\/uploads\/2024\/11\/exposicao-3.jpg?resize=600%2C300&amp;ssl=1 600w\" sizes=\"auto, (max-width: 940px) 100vw, 940px\" \/><\/figure>\n<\/div>\n\n\n<p class=\"\"><\/p>\n","protected":false},"excerpt":{"rendered":"<p>Em 2012 uma sele\u00e7\u00e3o de 100 fotos do projeto esteve em exposi\u00e7\u00e3o dentro do Farol da Barra, recebendo a visita de mais de 17.000 pessoas.<\/p>\n","protected":false},"author":2,"featured_media":0,"parent":0,"menu_order":0,"comment_status":"closed","ping_status":"closed","template":"","meta":{"nf_dc_page":"","om_disable_all_campaigns":false,"_monsterinsights_skip_tracking":false,"_monsterinsights_sitenote_active":false,"_monsterinsights_sitenote_note":"","_monsterinsights_sitenote_category":0,"footnotes":""},"class_list":["post-468","page","type-page","status-publish","hentry"],"yoast_head":"<!-- This site is optimized with the Yoast SEO plugin v27.3 - https:\/\/yoast.com\/product\/yoast-seo-wordpress\/ -->\n<title>Exposi\u00e7\u00e3o \/ Exhibition - um farol, 365 clicks<\/title>\n<meta name=\"robots\" content=\"index, follow, max-snippet:-1, max-image-preview:large, max-video-preview:-1\" \/>\n<link rel=\"canonical\" href=\"https:\/\/alvesfilho.com\/365\/exposicao-exhibition\/\" \/>\n<meta property=\"og:locale\" content=\"en_US\" \/>\n<meta property=\"og:type\" content=\"article\" \/>\n<meta property=\"og:title\" content=\"Exposi\u00e7\u00e3o \/ Exhibition - um farol, 365 clicks\" \/>\n<meta property=\"og:description\" content=\"Em 2012 uma sele\u00e7\u00e3o de 100 fotos do projeto esteve em exposi\u00e7\u00e3o dentro do Farol da Barra, recebendo a visita de mais de 17.000 pessoas.\" \/>\n<meta property=\"og:url\" content=\"https:\/\/alvesfilho.com\/365\/exposicao-exhibition\/\" \/>\n<meta property=\"og:site_name\" content=\"um farol, 365 clicks\" \/>\n<meta property=\"article:modified_time\" content=\"2024-11-22T19:37:43+00:00\" \/>\n<meta property=\"og:image\" content=\"https:\/\/i0.wp.com\/alvesfilho.com\/365\/wp-content\/uploads\/2024\/11\/exposicao-2.jpg?fit=939%2C470&ssl=1\" \/>\n\t<meta property=\"og:image:width\" content=\"939\" \/>\n\t<meta property=\"og:image:height\" content=\"470\" \/>\n\t<meta property=\"og:image:type\" content=\"image\/jpeg\" \/>\n<meta name=\"twitter:card\" content=\"summary_large_image\" \/>\n<meta name=\"twitter:label1\" content=\"Est. reading time\" \/>\n\t<meta name=\"twitter:data1\" content=\"1 minute\" \/>\n<script type=\"application\/ld+json\" class=\"yoast-schema-graph\">{\"@context\":\"https:\\\/\\\/schema.org\",\"@graph\":[{\"@type\":\"WebPage\",\"@id\":\"https:\\\/\\\/alvesfilho.com\\\/365\\\/exposicao-exhibition\\\/\",\"url\":\"https:\\\/\\\/alvesfilho.com\\\/365\\\/exposicao-exhibition\\\/\",\"name\":\"Exposi\u00e7\u00e3o \\\/ Exhibition - um farol, 365 clicks\",\"isPartOf\":{\"@id\":\"https:\\\/\\\/alvesfilho.com\\\/365\\\/#website\"},\"primaryImageOfPage\":{\"@id\":\"https:\\\/\\\/alvesfilho.com\\\/365\\\/exposicao-exhibition\\\/#primaryimage\"},\"image\":{\"@id\":\"https:\\\/\\\/alvesfilho.com\\\/365\\\/exposicao-exhibition\\\/#primaryimage\"},\"thumbnailUrl\":\"https:\\\/\\\/alvesfilho.com\\\/365\\\/wp-content\\\/uploads\\\/2024\\\/11\\\/exposicao-2.jpg\",\"datePublished\":\"2024-11-22T19:36:49+00:00\",\"dateModified\":\"2024-11-22T19:37:43+00:00\",\"breadcrumb\":{\"@id\":\"https:\\\/\\\/alvesfilho.com\\\/365\\\/exposicao-exhibition\\\/#breadcrumb\"},\"inLanguage\":\"en-US\",\"potentialAction\":[{\"@type\":\"ReadAction\",\"target\":[\"https:\\\/\\\/alvesfilho.com\\\/365\\\/exposicao-exhibition\\\/\"]}]},{\"@type\":\"ImageObject\",\"inLanguage\":\"en-US\",\"@id\":\"https:\\\/\\\/alvesfilho.com\\\/365\\\/exposicao-exhibition\\\/#primaryimage\",\"url\":\"https:\\\/\\\/i0.wp.com\\\/alvesfilho.com\\\/365\\\/wp-content\\\/uploads\\\/2024\\\/11\\\/exposicao-2.jpg?fit=939%2C470&ssl=1\",\"contentUrl\":\"https:\\\/\\\/i0.wp.com\\\/alvesfilho.com\\\/365\\\/wp-content\\\/uploads\\\/2024\\\/11\\\/exposicao-2.jpg?fit=939%2C470&ssl=1\",\"width\":939,\"height\":470},{\"@type\":\"BreadcrumbList\",\"@id\":\"https:\\\/\\\/alvesfilho.com\\\/365\\\/exposicao-exhibition\\\/#breadcrumb\",\"itemListElement\":[{\"@type\":\"ListItem\",\"position\":1,\"name\":\"Home\",\"item\":\"https:\\\/\\\/alvesfilho.com\\\/365\\\/\"},{\"@type\":\"ListItem\",\"position\":2,\"name\":\"Exposi\u00e7\u00e3o \\\/ Exhibition\"}]},{\"@type\":\"WebSite\",\"@id\":\"https:\\\/\\\/alvesfilho.com\\\/365\\\/#website\",\"url\":\"https:\\\/\\\/alvesfilho.com\\\/365\\\/\",\"name\":\"um farol, 365 clicks\",\"description\":\"O Farol da Barra em fotos de todos os \u00e2ngulos\",\"publisher\":{\"@id\":\"https:\\\/\\\/alvesfilho.com\\\/365\\\/#organization\"},\"potentialAction\":[{\"@type\":\"SearchAction\",\"target\":{\"@type\":\"EntryPoint\",\"urlTemplate\":\"https:\\\/\\\/alvesfilho.com\\\/365\\\/?s={search_term_string}\"},\"query-input\":{\"@type\":\"PropertyValueSpecification\",\"valueRequired\":true,\"valueName\":\"search_term_string\"}}],\"inLanguage\":\"en-US\"},{\"@type\":\"Organization\",\"@id\":\"https:\\\/\\\/alvesfilho.com\\\/365\\\/#organization\",\"name\":\"um farol, 365 clicks\",\"url\":\"https:\\\/\\\/alvesfilho.com\\\/365\\\/\",\"logo\":{\"@type\":\"ImageObject\",\"inLanguage\":\"en-US\",\"@id\":\"https:\\\/\\\/alvesfilho.com\\\/365\\\/#\\\/schema\\\/logo\\\/image\\\/\",\"url\":\"https:\\\/\\\/i0.wp.com\\\/alvesfilho.com\\\/365\\\/wp-content\\\/uploads\\\/2024\\\/11\\\/cropped-squareLOGO.jpg?fit=268%2C274&ssl=1\",\"contentUrl\":\"https:\\\/\\\/i0.wp.com\\\/alvesfilho.com\\\/365\\\/wp-content\\\/uploads\\\/2024\\\/11\\\/cropped-squareLOGO.jpg?fit=268%2C274&ssl=1\",\"width\":268,\"height\":274,\"caption\":\"um farol, 365 clicks\"},\"image\":{\"@id\":\"https:\\\/\\\/alvesfilho.com\\\/365\\\/#\\\/schema\\\/logo\\\/image\\\/\"}}]}<\/script>\n<!-- \/ Yoast SEO plugin. -->","yoast_head_json":{"title":"Exposi\u00e7\u00e3o \/ Exhibition - um farol, 365 clicks","robots":{"index":"index","follow":"follow","max-snippet":"max-snippet:-1","max-image-preview":"max-image-preview:large","max-video-preview":"max-video-preview:-1"},"canonical":"https:\/\/alvesfilho.com\/365\/exposicao-exhibition\/","og_locale":"en_US","og_type":"article","og_title":"Exposi\u00e7\u00e3o \/ Exhibition - um farol, 365 clicks","og_description":"Em 2012 uma sele\u00e7\u00e3o de 100 fotos do projeto esteve em exposi\u00e7\u00e3o dentro do Farol da Barra, recebendo a visita de mais de 17.000 pessoas.","og_url":"https:\/\/alvesfilho.com\/365\/exposicao-exhibition\/","og_site_name":"um farol, 365 clicks","article_modified_time":"2024-11-22T19:37:43+00:00","og_image":[{"width":939,"height":470,"url":"https:\/\/i0.wp.com\/alvesfilho.com\/365\/wp-content\/uploads\/2024\/11\/exposicao-2.jpg?fit=939%2C470&ssl=1","type":"image\/jpeg"}],"twitter_card":"summary_large_image","twitter_misc":{"Est. reading time":"1 minute"},"schema":{"@context":"https:\/\/schema.org","@graph":[{"@type":"WebPage","@id":"https:\/\/alvesfilho.com\/365\/exposicao-exhibition\/","url":"https:\/\/alvesfilho.com\/365\/exposicao-exhibition\/","name":"Exposi\u00e7\u00e3o \/ Exhibition - um farol, 365 clicks","isPartOf":{"@id":"https:\/\/alvesfilho.com\/365\/#website"},"primaryImageOfPage":{"@id":"https:\/\/alvesfilho.com\/365\/exposicao-exhibition\/#primaryimage"},"image":{"@id":"https:\/\/alvesfilho.com\/365\/exposicao-exhibition\/#primaryimage"},"thumbnailUrl":"https:\/\/alvesfilho.com\/365\/wp-content\/uploads\/2024\/11\/exposicao-2.jpg","datePublished":"2024-11-22T19:36:49+00:00","dateModified":"2024-11-22T19:37:43+00:00","breadcrumb":{"@id":"https:\/\/alvesfilho.com\/365\/exposicao-exhibition\/#breadcrumb"},"inLanguage":"en-US","potentialAction":[{"@type":"ReadAction","target":["https:\/\/alvesfilho.com\/365\/exposicao-exhibition\/"]}]},{"@type":"ImageObject","inLanguage":"en-US","@id":"https:\/\/alvesfilho.com\/365\/exposicao-exhibition\/#primaryimage","url":"https:\/\/i0.wp.com\/alvesfilho.com\/365\/wp-content\/uploads\/2024\/11\/exposicao-2.jpg?fit=939%2C470&ssl=1","contentUrl":"https:\/\/i0.wp.com\/alvesfilho.com\/365\/wp-content\/uploads\/2024\/11\/exposicao-2.jpg?fit=939%2C470&ssl=1","width":939,"height":470},{"@type":"BreadcrumbList","@id":"https:\/\/alvesfilho.com\/365\/exposicao-exhibition\/#breadcrumb","itemListElement":[{"@type":"ListItem","position":1,"name":"Home","item":"https:\/\/alvesfilho.com\/365\/"},{"@type":"ListItem","position":2,"name":"Exposi\u00e7\u00e3o \/ Exhibition"}]},{"@type":"WebSite","@id":"https:\/\/alvesfilho.com\/365\/#website","url":"https:\/\/alvesfilho.com\/365\/","name":"um farol, 365 clicks","description":"O Farol da Barra em fotos de todos os \u00e2ngulos","publisher":{"@id":"https:\/\/alvesfilho.com\/365\/#organization"},"potentialAction":[{"@type":"SearchAction","target":{"@type":"EntryPoint","urlTemplate":"https:\/\/alvesfilho.com\/365\/?s={search_term_string}"},"query-input":{"@type":"PropertyValueSpecification","valueRequired":true,"valueName":"search_term_string"}}],"inLanguage":"en-US"},{"@type":"Organization","@id":"https:\/\/alvesfilho.com\/365\/#organization","name":"um farol, 365 clicks","url":"https:\/\/alvesfilho.com\/365\/","logo":{"@type":"ImageObject","inLanguage":"en-US","@id":"https:\/\/alvesfilho.com\/365\/#\/schema\/logo\/image\/","url":"https:\/\/i0.wp.com\/alvesfilho.com\/365\/wp-content\/uploads\/2024\/11\/cropped-squareLOGO.jpg?fit=268%2C274&ssl=1","contentUrl":"https:\/\/i0.wp.com\/alvesfilho.com\/365\/wp-content\/uploads\/2024\/11\/cropped-squareLOGO.jpg?fit=268%2C274&ssl=1","width":268,"height":274,"caption":"um farol, 365 clicks"},"image":{"@id":"https:\/\/alvesfilho.com\/365\/#\/schema\/logo\/image\/"}}]}},"jetpack_sharing_enabled":true,"_links":{"self":[{"href":"https:\/\/alvesfilho.com\/365\/wp-json\/wp\/v2\/pages\/468","targetHints":{"allow":["GET"]}}],"collection":[{"href":"https:\/\/alvesfilho.com\/365\/wp-json\/wp\/v2\/pages"}],"about":[{"href":"https:\/\/alvesfilho.com\/365\/wp-json\/wp\/v2\/types\/page"}],"author":[{"embeddable":true,"href":"https:\/\/alvesfilho.com\/365\/wp-json\/wp\/v2\/users\/2"}],"replies":[{"embeddable":true,"href":"https:\/\/alvesfilho.com\/365\/wp-json\/wp\/v2\/comments?post=468"}],"version-history":[{"count":2,"href":"https:\/\/alvesfilho.com\/365\/wp-json\/wp\/v2\/pages\/468\/revisions"}],"predecessor-version":[{"id":474,"href":"https:\/\/alvesfilho.com\/365\/wp-json\/wp\/v2\/pages\/468\/revisions\/474"}],"wp:attachment":[{"href":"https:\/\/alvesfilho.com\/365\/wp-json\/wp\/v2\/media?parent=468"}],"curies":[{"name":"wp","href":"https:\/\/api.w.org\/{rel}","templated":true}]}}