{"id":33,"date":"2024-11-22T16:35:20","date_gmt":"2024-11-22T16:35:20","guid":{"rendered":"https:\/\/alvesfilho.com\/365\/?page_id=33"},"modified":"2024-12-21T15:32:58","modified_gmt":"2024-12-21T15:32:58","slug":"livro","status":"publish","type":"page","link":"https:\/\/alvesfilho.com\/365\/livro\/","title":{"rendered":"Livro \/ Book"},"content":{"rendered":"\n<p class=\"\">Livro com 365 fotografias do Farol da Barra, importante patrim\u00f4nio hist\u00f3rico-cultural do Brasil, fruto da pesquisa de mais de uma d\u00e9cada do fot\u00f3grafo Tunisio Alves Filho.<\/p>\n\n\n\n<p class=\"\"><strong>Ficha T\u00e9cnica:<\/strong>  Capa dura, 256 p\u00e1ginas, 28x28cm, Portugu\u00eas &amp; English ISBN: 9786590193605<\/p>\n\n\n\n<p class=\"\">Peso aproximado: 2kg<\/p>\n\n\n\n<p class=\"\">Envio para todo o Brasil.<\/p>\n\n\n\n<h2 class=\"wp-block-heading has-text-align-center\"><a href=\"https:\/\/sacola.pagbank.com.br\/1fadf1dd-43b5-4fac-b3aa-1e40b77f662d\">Clique para comprar<\/a><\/h2>\n\n\n\n<p class=\"\"><\/p>\n\n\n\n<figure class=\"wp-block-image size-large\"><img data-recalc-dims=\"1\" loading=\"lazy\" decoding=\"async\" width=\"1024\" height=\"556\" src=\"https:\/\/i0.wp.com\/alvesfilho.com\/365\/wp-content\/uploads\/2024\/11\/umfarol365clicks_001.jpg?resize=1024%2C556&#038;ssl=1\" alt=\"\" class=\"wp-image-34\" srcset=\"https:\/\/i0.wp.com\/alvesfilho.com\/365\/wp-content\/uploads\/2024\/11\/umfarol365clicks_001.jpg?resize=1024%2C556&amp;ssl=1 1024w, https:\/\/i0.wp.com\/alvesfilho.com\/365\/wp-content\/uploads\/2024\/11\/umfarol365clicks_001.jpg?resize=600%2C326&amp;ssl=1 600w, https:\/\/i0.wp.com\/alvesfilho.com\/365\/wp-content\/uploads\/2024\/11\/umfarol365clicks_001.jpg?resize=300%2C163&amp;ssl=1 300w, https:\/\/i0.wp.com\/alvesfilho.com\/365\/wp-content\/uploads\/2024\/11\/umfarol365clicks_001.jpg?resize=768%2C417&amp;ssl=1 768w, https:\/\/i0.wp.com\/alvesfilho.com\/365\/wp-content\/uploads\/2024\/11\/umfarol365clicks_001.jpg?w=1500&amp;ssl=1 1500w\" sizes=\"auto, (max-width: 1000px) 100vw, 1000px\" \/><\/figure>\n\n\n\n<figure class=\"wp-block-image size-large\"><img data-recalc-dims=\"1\" loading=\"lazy\" decoding=\"async\" width=\"1024\" height=\"556\" src=\"https:\/\/i0.wp.com\/alvesfilho.com\/365\/wp-content\/uploads\/2024\/11\/umfarol365clicks_003.jpg?resize=1024%2C556&#038;ssl=1\" alt=\"\" class=\"wp-image-35\" srcset=\"https:\/\/i0.wp.com\/alvesfilho.com\/365\/wp-content\/uploads\/2024\/11\/umfarol365clicks_003.jpg?resize=1024%2C556&amp;ssl=1 1024w, https:\/\/i0.wp.com\/alvesfilho.com\/365\/wp-content\/uploads\/2024\/11\/umfarol365clicks_003.jpg?resize=600%2C326&amp;ssl=1 600w, https:\/\/i0.wp.com\/alvesfilho.com\/365\/wp-content\/uploads\/2024\/11\/umfarol365clicks_003.jpg?resize=300%2C163&amp;ssl=1 300w, https:\/\/i0.wp.com\/alvesfilho.com\/365\/wp-content\/uploads\/2024\/11\/umfarol365clicks_003.jpg?resize=768%2C417&amp;ssl=1 768w, https:\/\/i0.wp.com\/alvesfilho.com\/365\/wp-content\/uploads\/2024\/11\/umfarol365clicks_003.jpg?w=1500&amp;ssl=1 1500w\" sizes=\"auto, (max-width: 1000px) 100vw, 1000px\" \/><\/figure>\n\n\n\n<figure class=\"wp-block-image size-large\"><img data-recalc-dims=\"1\" loading=\"lazy\" decoding=\"async\" width=\"1024\" height=\"556\" src=\"https:\/\/i0.wp.com\/alvesfilho.com\/365\/wp-content\/uploads\/2024\/11\/umfarol365clicks_005.jpg?resize=1024%2C556&#038;ssl=1\" alt=\"\" class=\"wp-image-36\" srcset=\"https:\/\/i0.wp.com\/alvesfilho.com\/365\/wp-content\/uploads\/2024\/11\/umfarol365clicks_005.jpg?resize=1024%2C556&amp;ssl=1 1024w, https:\/\/i0.wp.com\/alvesfilho.com\/365\/wp-content\/uploads\/2024\/11\/umfarol365clicks_005.jpg?resize=600%2C326&amp;ssl=1 600w, https:\/\/i0.wp.com\/alvesfilho.com\/365\/wp-content\/uploads\/2024\/11\/umfarol365clicks_005.jpg?resize=300%2C163&amp;ssl=1 300w, https:\/\/i0.wp.com\/alvesfilho.com\/365\/wp-content\/uploads\/2024\/11\/umfarol365clicks_005.jpg?resize=768%2C417&amp;ssl=1 768w, https:\/\/i0.wp.com\/alvesfilho.com\/365\/wp-content\/uploads\/2024\/11\/umfarol365clicks_005.jpg?w=1500&amp;ssl=1 1500w\" sizes=\"auto, (max-width: 1000px) 100vw, 1000px\" \/><\/figure>\n\n\n\n<figure class=\"wp-block-image size-large\"><img data-recalc-dims=\"1\" loading=\"lazy\" decoding=\"async\" width=\"1024\" height=\"556\" src=\"https:\/\/i0.wp.com\/alvesfilho.com\/365\/wp-content\/uploads\/2024\/11\/umfarol365clicks_008.jpg?resize=1024%2C556&#038;ssl=1\" alt=\"\" class=\"wp-image-37\" srcset=\"https:\/\/i0.wp.com\/alvesfilho.com\/365\/wp-content\/uploads\/2024\/11\/umfarol365clicks_008.jpg?resize=1024%2C556&amp;ssl=1 1024w, https:\/\/i0.wp.com\/alvesfilho.com\/365\/wp-content\/uploads\/2024\/11\/umfarol365clicks_008.jpg?resize=600%2C326&amp;ssl=1 600w, https:\/\/i0.wp.com\/alvesfilho.com\/365\/wp-content\/uploads\/2024\/11\/umfarol365clicks_008.jpg?resize=300%2C163&amp;ssl=1 300w, https:\/\/i0.wp.com\/alvesfilho.com\/365\/wp-content\/uploads\/2024\/11\/umfarol365clicks_008.jpg?resize=768%2C417&amp;ssl=1 768w, https:\/\/i0.wp.com\/alvesfilho.com\/365\/wp-content\/uploads\/2024\/11\/umfarol365clicks_008.jpg?w=1500&amp;ssl=1 1500w\" sizes=\"auto, (max-width: 1000px) 100vw, 1000px\" \/><\/figure>\n\n\n\n<figure class=\"wp-block-image size-large\"><img data-recalc-dims=\"1\" loading=\"lazy\" decoding=\"async\" width=\"1024\" height=\"556\" src=\"https:\/\/i0.wp.com\/alvesfilho.com\/365\/wp-content\/uploads\/2024\/11\/umfarol365clicks_006.jpg?resize=1024%2C556&#038;ssl=1\" alt=\"\" class=\"wp-image-38\" srcset=\"https:\/\/i0.wp.com\/alvesfilho.com\/365\/wp-content\/uploads\/2024\/11\/umfarol365clicks_006.jpg?resize=1024%2C556&amp;ssl=1 1024w, https:\/\/i0.wp.com\/alvesfilho.com\/365\/wp-content\/uploads\/2024\/11\/umfarol365clicks_006.jpg?resize=600%2C326&amp;ssl=1 600w, https:\/\/i0.wp.com\/alvesfilho.com\/365\/wp-content\/uploads\/2024\/11\/umfarol365clicks_006.jpg?resize=300%2C163&amp;ssl=1 300w, https:\/\/i0.wp.com\/alvesfilho.com\/365\/wp-content\/uploads\/2024\/11\/umfarol365clicks_006.jpg?resize=768%2C417&amp;ssl=1 768w, https:\/\/i0.wp.com\/alvesfilho.com\/365\/wp-content\/uploads\/2024\/11\/umfarol365clicks_006.jpg?w=1500&amp;ssl=1 1500w\" sizes=\"auto, (max-width: 1000px) 100vw, 1000px\" \/><\/figure>\n\n\n\n<figure class=\"wp-block-image size-large\"><img data-recalc-dims=\"1\" loading=\"lazy\" decoding=\"async\" width=\"1024\" height=\"556\" src=\"https:\/\/i0.wp.com\/alvesfilho.com\/365\/wp-content\/uploads\/2024\/11\/umfarol365clicks_007.jpg?resize=1024%2C556&#038;ssl=1\" alt=\"\" class=\"wp-image-39\" srcset=\"https:\/\/i0.wp.com\/alvesfilho.com\/365\/wp-content\/uploads\/2024\/11\/umfarol365clicks_007.jpg?resize=1024%2C556&amp;ssl=1 1024w, https:\/\/i0.wp.com\/alvesfilho.com\/365\/wp-content\/uploads\/2024\/11\/umfarol365clicks_007.jpg?resize=600%2C326&amp;ssl=1 600w, https:\/\/i0.wp.com\/alvesfilho.com\/365\/wp-content\/uploads\/2024\/11\/umfarol365clicks_007.jpg?resize=300%2C163&amp;ssl=1 300w, https:\/\/i0.wp.com\/alvesfilho.com\/365\/wp-content\/uploads\/2024\/11\/umfarol365clicks_007.jpg?resize=768%2C417&amp;ssl=1 768w, https:\/\/i0.wp.com\/alvesfilho.com\/365\/wp-content\/uploads\/2024\/11\/umfarol365clicks_007.jpg?w=1500&amp;ssl=1 1500w\" sizes=\"auto, (max-width: 1000px) 100vw, 1000px\" \/><\/figure>\n\n\n\n<figure class=\"wp-block-image size-large\"><img data-recalc-dims=\"1\" loading=\"lazy\" decoding=\"async\" width=\"1024\" height=\"556\" src=\"https:\/\/i0.wp.com\/alvesfilho.com\/365\/wp-content\/uploads\/2024\/11\/umfarol365clicks_012.jpg?resize=1024%2C556&#038;ssl=1\" alt=\"\" class=\"wp-image-40\" srcset=\"https:\/\/i0.wp.com\/alvesfilho.com\/365\/wp-content\/uploads\/2024\/11\/umfarol365clicks_012.jpg?resize=1024%2C556&amp;ssl=1 1024w, https:\/\/i0.wp.com\/alvesfilho.com\/365\/wp-content\/uploads\/2024\/11\/umfarol365clicks_012.jpg?resize=600%2C326&amp;ssl=1 600w, https:\/\/i0.wp.com\/alvesfilho.com\/365\/wp-content\/uploads\/2024\/11\/umfarol365clicks_012.jpg?resize=300%2C163&amp;ssl=1 300w, https:\/\/i0.wp.com\/alvesfilho.com\/365\/wp-content\/uploads\/2024\/11\/umfarol365clicks_012.jpg?resize=768%2C417&amp;ssl=1 768w, https:\/\/i0.wp.com\/alvesfilho.com\/365\/wp-content\/uploads\/2024\/11\/umfarol365clicks_012.jpg?w=1500&amp;ssl=1 1500w\" sizes=\"auto, (max-width: 1000px) 100vw, 1000px\" \/><\/figure>\n\n\n\n<figure class=\"wp-block-image size-large\"><img data-recalc-dims=\"1\" loading=\"lazy\" decoding=\"async\" width=\"1024\" height=\"556\" src=\"https:\/\/i0.wp.com\/alvesfilho.com\/365\/wp-content\/uploads\/2024\/11\/umfarol365clicks_010.jpg?resize=1024%2C556&#038;ssl=1\" alt=\"\" class=\"wp-image-41\" srcset=\"https:\/\/i0.wp.com\/alvesfilho.com\/365\/wp-content\/uploads\/2024\/11\/umfarol365clicks_010.jpg?resize=1024%2C556&amp;ssl=1 1024w, https:\/\/i0.wp.com\/alvesfilho.com\/365\/wp-content\/uploads\/2024\/11\/umfarol365clicks_010.jpg?resize=600%2C326&amp;ssl=1 600w, https:\/\/i0.wp.com\/alvesfilho.com\/365\/wp-content\/uploads\/2024\/11\/umfarol365clicks_010.jpg?resize=300%2C163&amp;ssl=1 300w, https:\/\/i0.wp.com\/alvesfilho.com\/365\/wp-content\/uploads\/2024\/11\/umfarol365clicks_010.jpg?resize=768%2C417&amp;ssl=1 768w, https:\/\/i0.wp.com\/alvesfilho.com\/365\/wp-content\/uploads\/2024\/11\/umfarol365clicks_010.jpg?w=1500&amp;ssl=1 1500w\" sizes=\"auto, (max-width: 1000px) 100vw, 1000px\" \/><\/figure>\n\n\n\n<figure class=\"wp-block-image size-large\"><img data-recalc-dims=\"1\" loading=\"lazy\" decoding=\"async\" width=\"1024\" height=\"556\" src=\"https:\/\/i0.wp.com\/alvesfilho.com\/365\/wp-content\/uploads\/2024\/11\/umfarol365clicks_009.jpg?resize=1024%2C556&#038;ssl=1\" alt=\"\" class=\"wp-image-42\" srcset=\"https:\/\/i0.wp.com\/alvesfilho.com\/365\/wp-content\/uploads\/2024\/11\/umfarol365clicks_009.jpg?resize=1024%2C556&amp;ssl=1 1024w, https:\/\/i0.wp.com\/alvesfilho.com\/365\/wp-content\/uploads\/2024\/11\/umfarol365clicks_009.jpg?resize=600%2C326&amp;ssl=1 600w, https:\/\/i0.wp.com\/alvesfilho.com\/365\/wp-content\/uploads\/2024\/11\/umfarol365clicks_009.jpg?resize=300%2C163&amp;ssl=1 300w, https:\/\/i0.wp.com\/alvesfilho.com\/365\/wp-content\/uploads\/2024\/11\/umfarol365clicks_009.jpg?resize=768%2C417&amp;ssl=1 768w, https:\/\/i0.wp.com\/alvesfilho.com\/365\/wp-content\/uploads\/2024\/11\/umfarol365clicks_009.jpg?w=1500&amp;ssl=1 1500w\" sizes=\"auto, (max-width: 1000px) 100vw, 1000px\" \/><\/figure>\n\n\n\n<figure class=\"wp-block-image size-large\"><img data-recalc-dims=\"1\" loading=\"lazy\" decoding=\"async\" width=\"1024\" height=\"556\" src=\"https:\/\/i0.wp.com\/alvesfilho.com\/365\/wp-content\/uploads\/2024\/11\/umfarol365clicks_013-1.jpg?resize=1024%2C556&#038;ssl=1\" alt=\"\" class=\"wp-image-44\" srcset=\"https:\/\/i0.wp.com\/alvesfilho.com\/365\/wp-content\/uploads\/2024\/11\/umfarol365clicks_013-1-scaled.jpg?resize=1024%2C556&amp;ssl=1 1024w, https:\/\/i0.wp.com\/alvesfilho.com\/365\/wp-content\/uploads\/2024\/11\/umfarol365clicks_013-1-scaled.jpg?resize=600%2C326&amp;ssl=1 600w, https:\/\/i0.wp.com\/alvesfilho.com\/365\/wp-content\/uploads\/2024\/11\/umfarol365clicks_013-1-scaled.jpg?resize=300%2C163&amp;ssl=1 300w, https:\/\/i0.wp.com\/alvesfilho.com\/365\/wp-content\/uploads\/2024\/11\/umfarol365clicks_013-1-scaled.jpg?resize=768%2C417&amp;ssl=1 768w, https:\/\/i0.wp.com\/alvesfilho.com\/365\/wp-content\/uploads\/2024\/11\/umfarol365clicks_013-1-scaled.jpg?resize=1536%2C833&amp;ssl=1 1536w, https:\/\/i0.wp.com\/alvesfilho.com\/365\/wp-content\/uploads\/2024\/11\/umfarol365clicks_013-1-scaled.jpg?resize=2048%2C1111&amp;ssl=1 2048w\" sizes=\"auto, (max-width: 1000px) 100vw, 1000px\" \/><\/figure>\n\n\n\n<p class=\"\"><\/p>\n","protected":false},"excerpt":{"rendered":"<p>Livro com 365 fotografias do Farol da Barra, importante patrim\u00f4nio hist\u00f3rico-cultural do Brasil, fruto da pesquisa de mais de uma d\u00e9cada do fot\u00f3grafo Tunisio Alves Filho.&hellip;<\/p>\n","protected":false},"author":2,"featured_media":0,"parent":0,"menu_order":0,"comment_status":"closed","ping_status":"closed","template":"","meta":{"nf_dc_page":"","om_disable_all_campaigns":false,"_monsterinsights_skip_tracking":false,"_monsterinsights_sitenote_active":false,"_monsterinsights_sitenote_note":"","_monsterinsights_sitenote_category":0,"footnotes":""},"class_list":["post-33","page","type-page","status-publish","hentry"],"yoast_head":"<!-- This site is optimized with the Yoast SEO plugin v27.3 - https:\/\/yoast.com\/product\/yoast-seo-wordpress\/ -->\n<title>Livro \/ Book - um farol, 365 clicks<\/title>\n<meta name=\"robots\" content=\"index, follow, max-snippet:-1, max-image-preview:large, max-video-preview:-1\" \/>\n<link rel=\"canonical\" href=\"https:\/\/alvesfilho.com\/365\/livro\/\" \/>\n<meta property=\"og:locale\" content=\"en_US\" \/>\n<meta property=\"og:type\" content=\"article\" \/>\n<meta property=\"og:title\" content=\"Livro \/ Book - um farol, 365 clicks\" \/>\n<meta property=\"og:description\" content=\"Livro com 365 fotografias do Farol da Barra, importante patrim\u00f4nio hist\u00f3rico-cultural do Brasil, fruto da pesquisa de mais de uma d\u00e9cada do fot\u00f3grafo Tunisio Alves Filho.&hellip;\" \/>\n<meta property=\"og:url\" content=\"https:\/\/alvesfilho.com\/365\/livro\/\" \/>\n<meta property=\"og:site_name\" content=\"um farol, 365 clicks\" \/>\n<meta property=\"article:modified_time\" content=\"2024-12-21T15:32:58+00:00\" \/>\n<meta property=\"og:image\" content=\"https:\/\/i0.wp.com\/alvesfilho.com\/365\/wp-content\/uploads\/2024\/11\/umfarol365clicks_001.jpg?fit=1500%2C814&ssl=1\" \/>\n\t<meta property=\"og:image:width\" content=\"1500\" \/>\n\t<meta property=\"og:image:height\" content=\"814\" \/>\n\t<meta property=\"og:image:type\" content=\"image\/jpeg\" \/>\n<meta name=\"twitter:card\" content=\"summary_large_image\" \/>\n<meta name=\"twitter:label1\" content=\"Est. reading time\" \/>\n\t<meta name=\"twitter:data1\" content=\"3 minutes\" \/>\n<script type=\"application\/ld+json\" class=\"yoast-schema-graph\">{\"@context\":\"https:\\\/\\\/schema.org\",\"@graph\":[{\"@type\":\"WebPage\",\"@id\":\"https:\\\/\\\/alvesfilho.com\\\/365\\\/livro\\\/\",\"url\":\"https:\\\/\\\/alvesfilho.com\\\/365\\\/livro\\\/\",\"name\":\"Livro \\\/ Book - um farol, 365 clicks\",\"isPartOf\":{\"@id\":\"https:\\\/\\\/alvesfilho.com\\\/365\\\/#website\"},\"primaryImageOfPage\":{\"@id\":\"https:\\\/\\\/alvesfilho.com\\\/365\\\/livro\\\/#primaryimage\"},\"image\":{\"@id\":\"https:\\\/\\\/alvesfilho.com\\\/365\\\/livro\\\/#primaryimage\"},\"thumbnailUrl\":\"https:\\\/\\\/alvesfilho.com\\\/365\\\/wp-content\\\/uploads\\\/2024\\\/11\\\/umfarol365clicks_001-1024x556.jpg\",\"datePublished\":\"2024-11-22T16:35:20+00:00\",\"dateModified\":\"2024-12-21T15:32:58+00:00\",\"breadcrumb\":{\"@id\":\"https:\\\/\\\/alvesfilho.com\\\/365\\\/livro\\\/#breadcrumb\"},\"inLanguage\":\"en-US\",\"potentialAction\":[{\"@type\":\"ReadAction\",\"target\":[\"https:\\\/\\\/alvesfilho.com\\\/365\\\/livro\\\/\"]}]},{\"@type\":\"ImageObject\",\"inLanguage\":\"en-US\",\"@id\":\"https:\\\/\\\/alvesfilho.com\\\/365\\\/livro\\\/#primaryimage\",\"url\":\"https:\\\/\\\/i0.wp.com\\\/alvesfilho.com\\\/365\\\/wp-content\\\/uploads\\\/2024\\\/11\\\/umfarol365clicks_001.jpg?fit=1500%2C814&ssl=1\",\"contentUrl\":\"https:\\\/\\\/i0.wp.com\\\/alvesfilho.com\\\/365\\\/wp-content\\\/uploads\\\/2024\\\/11\\\/umfarol365clicks_001.jpg?fit=1500%2C814&ssl=1\",\"width\":1500,\"height\":814},{\"@type\":\"BreadcrumbList\",\"@id\":\"https:\\\/\\\/alvesfilho.com\\\/365\\\/livro\\\/#breadcrumb\",\"itemListElement\":[{\"@type\":\"ListItem\",\"position\":1,\"name\":\"Home\",\"item\":\"https:\\\/\\\/alvesfilho.com\\\/365\\\/\"},{\"@type\":\"ListItem\",\"position\":2,\"name\":\"Livro \\\/ Book\"}]},{\"@type\":\"WebSite\",\"@id\":\"https:\\\/\\\/alvesfilho.com\\\/365\\\/#website\",\"url\":\"https:\\\/\\\/alvesfilho.com\\\/365\\\/\",\"name\":\"um farol, 365 clicks\",\"description\":\"O Farol da Barra em fotos de todos os \u00e2ngulos\",\"publisher\":{\"@id\":\"https:\\\/\\\/alvesfilho.com\\\/365\\\/#organization\"},\"potentialAction\":[{\"@type\":\"SearchAction\",\"target\":{\"@type\":\"EntryPoint\",\"urlTemplate\":\"https:\\\/\\\/alvesfilho.com\\\/365\\\/?s={search_term_string}\"},\"query-input\":{\"@type\":\"PropertyValueSpecification\",\"valueRequired\":true,\"valueName\":\"search_term_string\"}}],\"inLanguage\":\"en-US\"},{\"@type\":\"Organization\",\"@id\":\"https:\\\/\\\/alvesfilho.com\\\/365\\\/#organization\",\"name\":\"um farol, 365 clicks\",\"url\":\"https:\\\/\\\/alvesfilho.com\\\/365\\\/\",\"logo\":{\"@type\":\"ImageObject\",\"inLanguage\":\"en-US\",\"@id\":\"https:\\\/\\\/alvesfilho.com\\\/365\\\/#\\\/schema\\\/logo\\\/image\\\/\",\"url\":\"https:\\\/\\\/i0.wp.com\\\/alvesfilho.com\\\/365\\\/wp-content\\\/uploads\\\/2024\\\/11\\\/cropped-squareLOGO.jpg?fit=268%2C274&ssl=1\",\"contentUrl\":\"https:\\\/\\\/i0.wp.com\\\/alvesfilho.com\\\/365\\\/wp-content\\\/uploads\\\/2024\\\/11\\\/cropped-squareLOGO.jpg?fit=268%2C274&ssl=1\",\"width\":268,\"height\":274,\"caption\":\"um farol, 365 clicks\"},\"image\":{\"@id\":\"https:\\\/\\\/alvesfilho.com\\\/365\\\/#\\\/schema\\\/logo\\\/image\\\/\"}}]}<\/script>\n<!-- \/ Yoast SEO plugin. -->","yoast_head_json":{"title":"Livro \/ Book - um farol, 365 clicks","robots":{"index":"index","follow":"follow","max-snippet":"max-snippet:-1","max-image-preview":"max-image-preview:large","max-video-preview":"max-video-preview:-1"},"canonical":"https:\/\/alvesfilho.com\/365\/livro\/","og_locale":"en_US","og_type":"article","og_title":"Livro \/ Book - um farol, 365 clicks","og_description":"Livro com 365 fotografias do Farol da Barra, importante patrim\u00f4nio hist\u00f3rico-cultural do Brasil, fruto da pesquisa de mais de uma d\u00e9cada do fot\u00f3grafo Tunisio Alves Filho.&hellip;","og_url":"https:\/\/alvesfilho.com\/365\/livro\/","og_site_name":"um farol, 365 clicks","article_modified_time":"2024-12-21T15:32:58+00:00","og_image":[{"width":1500,"height":814,"url":"https:\/\/i0.wp.com\/alvesfilho.com\/365\/wp-content\/uploads\/2024\/11\/umfarol365clicks_001.jpg?fit=1500%2C814&ssl=1","type":"image\/jpeg"}],"twitter_card":"summary_large_image","twitter_misc":{"Est. reading time":"3 minutes"},"schema":{"@context":"https:\/\/schema.org","@graph":[{"@type":"WebPage","@id":"https:\/\/alvesfilho.com\/365\/livro\/","url":"https:\/\/alvesfilho.com\/365\/livro\/","name":"Livro \/ Book - um farol, 365 clicks","isPartOf":{"@id":"https:\/\/alvesfilho.com\/365\/#website"},"primaryImageOfPage":{"@id":"https:\/\/alvesfilho.com\/365\/livro\/#primaryimage"},"image":{"@id":"https:\/\/alvesfilho.com\/365\/livro\/#primaryimage"},"thumbnailUrl":"https:\/\/alvesfilho.com\/365\/wp-content\/uploads\/2024\/11\/umfarol365clicks_001-1024x556.jpg","datePublished":"2024-11-22T16:35:20+00:00","dateModified":"2024-12-21T15:32:58+00:00","breadcrumb":{"@id":"https:\/\/alvesfilho.com\/365\/livro\/#breadcrumb"},"inLanguage":"en-US","potentialAction":[{"@type":"ReadAction","target":["https:\/\/alvesfilho.com\/365\/livro\/"]}]},{"@type":"ImageObject","inLanguage":"en-US","@id":"https:\/\/alvesfilho.com\/365\/livro\/#primaryimage","url":"https:\/\/i0.wp.com\/alvesfilho.com\/365\/wp-content\/uploads\/2024\/11\/umfarol365clicks_001.jpg?fit=1500%2C814&ssl=1","contentUrl":"https:\/\/i0.wp.com\/alvesfilho.com\/365\/wp-content\/uploads\/2024\/11\/umfarol365clicks_001.jpg?fit=1500%2C814&ssl=1","width":1500,"height":814},{"@type":"BreadcrumbList","@id":"https:\/\/alvesfilho.com\/365\/livro\/#breadcrumb","itemListElement":[{"@type":"ListItem","position":1,"name":"Home","item":"https:\/\/alvesfilho.com\/365\/"},{"@type":"ListItem","position":2,"name":"Livro \/ Book"}]},{"@type":"WebSite","@id":"https:\/\/alvesfilho.com\/365\/#website","url":"https:\/\/alvesfilho.com\/365\/","name":"um farol, 365 clicks","description":"O Farol da Barra em fotos de todos os \u00e2ngulos","publisher":{"@id":"https:\/\/alvesfilho.com\/365\/#organization"},"potentialAction":[{"@type":"SearchAction","target":{"@type":"EntryPoint","urlTemplate":"https:\/\/alvesfilho.com\/365\/?s={search_term_string}"},"query-input":{"@type":"PropertyValueSpecification","valueRequired":true,"valueName":"search_term_string"}}],"inLanguage":"en-US"},{"@type":"Organization","@id":"https:\/\/alvesfilho.com\/365\/#organization","name":"um farol, 365 clicks","url":"https:\/\/alvesfilho.com\/365\/","logo":{"@type":"ImageObject","inLanguage":"en-US","@id":"https:\/\/alvesfilho.com\/365\/#\/schema\/logo\/image\/","url":"https:\/\/i0.wp.com\/alvesfilho.com\/365\/wp-content\/uploads\/2024\/11\/cropped-squareLOGO.jpg?fit=268%2C274&ssl=1","contentUrl":"https:\/\/i0.wp.com\/alvesfilho.com\/365\/wp-content\/uploads\/2024\/11\/cropped-squareLOGO.jpg?fit=268%2C274&ssl=1","width":268,"height":274,"caption":"um farol, 365 clicks"},"image":{"@id":"https:\/\/alvesfilho.com\/365\/#\/schema\/logo\/image\/"}}]}},"jetpack_sharing_enabled":true,"_links":{"self":[{"href":"https:\/\/alvesfilho.com\/365\/wp-json\/wp\/v2\/pages\/33","targetHints":{"allow":["GET"]}}],"collection":[{"href":"https:\/\/alvesfilho.com\/365\/wp-json\/wp\/v2\/pages"}],"about":[{"href":"https:\/\/alvesfilho.com\/365\/wp-json\/wp\/v2\/types\/page"}],"author":[{"embeddable":true,"href":"https:\/\/alvesfilho.com\/365\/wp-json\/wp\/v2\/users\/2"}],"replies":[{"embeddable":true,"href":"https:\/\/alvesfilho.com\/365\/wp-json\/wp\/v2\/comments?post=33"}],"version-history":[{"count":1,"href":"https:\/\/alvesfilho.com\/365\/wp-json\/wp\/v2\/pages\/33\/revisions"}],"predecessor-version":[{"id":45,"href":"https:\/\/alvesfilho.com\/365\/wp-json\/wp\/v2\/pages\/33\/revisions\/45"}],"wp:attachment":[{"href":"https:\/\/alvesfilho.com\/365\/wp-json\/wp\/v2\/media?parent=33"}],"curies":[{"name":"wp","href":"https:\/\/api.w.org\/{rel}","templated":true}]}}