{"id":23,"date":"2024-11-22T15:08:52","date_gmt":"2024-11-22T15:08:52","guid":{"rendered":"https:\/\/alvesfilho.com\/365\/?page_id=23"},"modified":"2024-11-22T16:15:17","modified_gmt":"2024-11-22T16:15:17","slug":"sobre-about","status":"publish","type":"page","link":"https:\/\/alvesfilho.com\/365\/sobre-about\/","title":{"rendered":"Sobre \/ About"},"content":{"rendered":"<div class=\"wp-block-image\">\n<figure class=\"aligncenter size-full\"><img data-recalc-dims=\"1\" loading=\"lazy\" decoding=\"async\" width=\"349\" height=\"50\" src=\"https:\/\/i0.wp.com\/alvesfilho.com\/365\/wp-content\/uploads\/2024\/11\/Farol_divider2.jpg?resize=349%2C50&#038;ssl=1\" alt=\"\" class=\"wp-image-30\" srcset=\"https:\/\/i0.wp.com\/alvesfilho.com\/365\/wp-content\/uploads\/2024\/11\/Farol_divider2.jpg?w=349&amp;ssl=1 349w, https:\/\/i0.wp.com\/alvesfilho.com\/365\/wp-content\/uploads\/2024\/11\/Farol_divider2.jpg?resize=300%2C43&amp;ssl=1 300w\" sizes=\"auto, (max-width: 349px) 100vw, 349px\" \/><\/figure>\n<\/div>\n\n\n<p class=\"\"><\/p>\n\n\n\n<p class=\"\">&#8220;<strong>Um Farol, 365 Clicks<\/strong>&#8221; \u00e9 uma s\u00e9rie fotogr\u00e1fica de autoria do fot\u00f3grafo <strong>Tunisio Alves Filho<\/strong> que tem como proposta registrar o Farol de Santo Ant\u00f4nio da Barra (<strong>Farol da Barra<\/strong>) de todos os \u00e2ngulos. Em uma primeira fase que teve in\u00edcio em 01\/07\/2011, Alves Filho compartilhou uma foto do farol por dia, durante 365 dias consecutivos aqui neste site. A partir de ent\u00e3o, vem compartilhando novos registros atrav\u00e9s do perfil <strong><a href=\"http:\/\/www.instagram.com\/alves_filho\">@alves_filho<\/a><\/strong> no Instagram.<\/p>\n\n\n\n<p class=\"\">O Farol da Barra foi o primeiro farol a ser constru\u00eddo na Am\u00e9rica e \u00e9 um dos principais patrim\u00f4nios arquitet\u00f4nicos da cidade de Salvador. Erguido na Ponta do Padr\u00e3o, na entrada da Ba\u00eda de Todos os Santos, j\u00e1 desempenhou importante papel na orienta\u00e7\u00e3o de embarca\u00e7\u00f5es que escoavam a produ\u00e7\u00e3o de todo o rec\u00f4ncavo baiano. Hoje, \u00e9 um dos mais visitados cart\u00f5es postais da cidade e palco de diversas manifesta\u00e7\u00f5es culturais do povo baiano.<\/p>\n\n\n\n<hr class=\"wp-block-separator has-alpha-channel-opacity\"\/>\n\n\n\n<p class=\"\"><em>&#8220;<strong>One Lighthouse, 365 Clicks<\/strong>&#8221; is a photographic series by photographer <strong>Tunisio Alves Filho<\/strong>, that aims to capture the Santo Ant\u00f4nio da Barra Lighthouse (<strong>Farol da Barra<\/strong>) from several angles. In the first phase, which began on 01\/07\/2011, Alves Filho shared a photo of the lighthouse every day for 365 consecutive days on this site. Since then, he has been sharing new images through his Instagram profile <a href=\"http:\/\/www.instagram.com\/alves_filho\"><strong>@alves_filho<\/strong><\/a>.<\/em><\/p>\n\n\n\n<p class=\"\"><em>The Farol da Barra is the oldest standing lighthouse in the Americas and one of the main architectural heritage sites in the city of Salvador, Bahia, Brazil. Located at the entrance of All Saints Bay, it once played an important role in guiding ships that transported goods from the entire Rec\u00f4ncavo Baiano region. Today, it is one of the most visited landmarks in the city and a stage for various cultural expressions of the Bahian people.<\/em><\/p>\n","protected":false},"excerpt":{"rendered":"<p>&#8220;Um Farol, 365 Clicks&#8221; \u00e9 uma s\u00e9rie fotogr\u00e1fica de autoria do fot\u00f3grafo Tunisio Alves Filho que tem como proposta registrar o Farol de Santo Ant\u00f4nio da&hellip;<\/p>\n","protected":false},"author":2,"featured_media":0,"parent":0,"menu_order":0,"comment_status":"closed","ping_status":"closed","template":"","meta":{"nf_dc_page":"","om_disable_all_campaigns":false,"_monsterinsights_skip_tracking":false,"_monsterinsights_sitenote_active":false,"_monsterinsights_sitenote_note":"","_monsterinsights_sitenote_category":0,"footnotes":""},"class_list":["post-23","page","type-page","status-publish","hentry"],"yoast_head":"<!-- This site is optimized with the Yoast SEO plugin v27.3 - https:\/\/yoast.com\/product\/yoast-seo-wordpress\/ -->\n<title>Sobre \/ About - um farol, 365 clicks<\/title>\n<meta name=\"robots\" content=\"index, follow, max-snippet:-1, max-image-preview:large, max-video-preview:-1\" \/>\n<link rel=\"canonical\" href=\"https:\/\/alvesfilho.com\/365\/sobre-about\/\" \/>\n<meta property=\"og:locale\" content=\"en_US\" \/>\n<meta property=\"og:type\" content=\"article\" \/>\n<meta property=\"og:title\" content=\"Sobre \/ About - um farol, 365 clicks\" \/>\n<meta property=\"og:description\" content=\"&#8220;Um Farol, 365 Clicks&#8221; \u00e9 uma s\u00e9rie fotogr\u00e1fica de autoria do fot\u00f3grafo Tunisio Alves Filho que tem como proposta registrar o Farol de Santo Ant\u00f4nio da&hellip;\" \/>\n<meta property=\"og:url\" content=\"https:\/\/alvesfilho.com\/365\/sobre-about\/\" \/>\n<meta property=\"og:site_name\" content=\"um farol, 365 clicks\" \/>\n<meta property=\"article:modified_time\" content=\"2024-11-22T16:15:17+00:00\" \/>\n<meta property=\"og:image\" content=\"https:\/\/i0.wp.com\/alvesfilho.com\/365\/wp-content\/uploads\/2024\/11\/Farol_divider2.jpg?fit=349%2C50&ssl=1\" \/>\n\t<meta property=\"og:image:width\" content=\"349\" \/>\n\t<meta property=\"og:image:height\" content=\"50\" \/>\n\t<meta property=\"og:image:type\" content=\"image\/jpeg\" \/>\n<meta name=\"twitter:card\" content=\"summary_large_image\" \/>\n<meta name=\"twitter:label1\" content=\"Est. reading time\" \/>\n\t<meta name=\"twitter:data1\" content=\"2 minutes\" \/>\n<script type=\"application\/ld+json\" class=\"yoast-schema-graph\">{\"@context\":\"https:\\\/\\\/schema.org\",\"@graph\":[{\"@type\":\"WebPage\",\"@id\":\"https:\\\/\\\/alvesfilho.com\\\/365\\\/sobre-about\\\/\",\"url\":\"https:\\\/\\\/alvesfilho.com\\\/365\\\/sobre-about\\\/\",\"name\":\"Sobre \\\/ About - um farol, 365 clicks\",\"isPartOf\":{\"@id\":\"https:\\\/\\\/alvesfilho.com\\\/365\\\/#website\"},\"primaryImageOfPage\":{\"@id\":\"https:\\\/\\\/alvesfilho.com\\\/365\\\/sobre-about\\\/#primaryimage\"},\"image\":{\"@id\":\"https:\\\/\\\/alvesfilho.com\\\/365\\\/sobre-about\\\/#primaryimage\"},\"thumbnailUrl\":\"https:\\\/\\\/alvesfilho.com\\\/365\\\/wp-content\\\/uploads\\\/2024\\\/11\\\/Farol_divider2.jpg\",\"datePublished\":\"2024-11-22T15:08:52+00:00\",\"dateModified\":\"2024-11-22T16:15:17+00:00\",\"breadcrumb\":{\"@id\":\"https:\\\/\\\/alvesfilho.com\\\/365\\\/sobre-about\\\/#breadcrumb\"},\"inLanguage\":\"en-US\",\"potentialAction\":[{\"@type\":\"ReadAction\",\"target\":[\"https:\\\/\\\/alvesfilho.com\\\/365\\\/sobre-about\\\/\"]}]},{\"@type\":\"ImageObject\",\"inLanguage\":\"en-US\",\"@id\":\"https:\\\/\\\/alvesfilho.com\\\/365\\\/sobre-about\\\/#primaryimage\",\"url\":\"https:\\\/\\\/i0.wp.com\\\/alvesfilho.com\\\/365\\\/wp-content\\\/uploads\\\/2024\\\/11\\\/Farol_divider2.jpg?fit=349%2C50&ssl=1\",\"contentUrl\":\"https:\\\/\\\/i0.wp.com\\\/alvesfilho.com\\\/365\\\/wp-content\\\/uploads\\\/2024\\\/11\\\/Farol_divider2.jpg?fit=349%2C50&ssl=1\",\"width\":349,\"height\":50},{\"@type\":\"BreadcrumbList\",\"@id\":\"https:\\\/\\\/alvesfilho.com\\\/365\\\/sobre-about\\\/#breadcrumb\",\"itemListElement\":[{\"@type\":\"ListItem\",\"position\":1,\"name\":\"Home\",\"item\":\"https:\\\/\\\/alvesfilho.com\\\/365\\\/\"},{\"@type\":\"ListItem\",\"position\":2,\"name\":\"Sobre \\\/ About\"}]},{\"@type\":\"WebSite\",\"@id\":\"https:\\\/\\\/alvesfilho.com\\\/365\\\/#website\",\"url\":\"https:\\\/\\\/alvesfilho.com\\\/365\\\/\",\"name\":\"um farol, 365 clicks\",\"description\":\"O Farol da Barra em fotos de todos os \u00e2ngulos\",\"publisher\":{\"@id\":\"https:\\\/\\\/alvesfilho.com\\\/365\\\/#organization\"},\"potentialAction\":[{\"@type\":\"SearchAction\",\"target\":{\"@type\":\"EntryPoint\",\"urlTemplate\":\"https:\\\/\\\/alvesfilho.com\\\/365\\\/?s={search_term_string}\"},\"query-input\":{\"@type\":\"PropertyValueSpecification\",\"valueRequired\":true,\"valueName\":\"search_term_string\"}}],\"inLanguage\":\"en-US\"},{\"@type\":\"Organization\",\"@id\":\"https:\\\/\\\/alvesfilho.com\\\/365\\\/#organization\",\"name\":\"um farol, 365 clicks\",\"url\":\"https:\\\/\\\/alvesfilho.com\\\/365\\\/\",\"logo\":{\"@type\":\"ImageObject\",\"inLanguage\":\"en-US\",\"@id\":\"https:\\\/\\\/alvesfilho.com\\\/365\\\/#\\\/schema\\\/logo\\\/image\\\/\",\"url\":\"https:\\\/\\\/i0.wp.com\\\/alvesfilho.com\\\/365\\\/wp-content\\\/uploads\\\/2024\\\/11\\\/cropped-squareLOGO.jpg?fit=268%2C274&ssl=1\",\"contentUrl\":\"https:\\\/\\\/i0.wp.com\\\/alvesfilho.com\\\/365\\\/wp-content\\\/uploads\\\/2024\\\/11\\\/cropped-squareLOGO.jpg?fit=268%2C274&ssl=1\",\"width\":268,\"height\":274,\"caption\":\"um farol, 365 clicks\"},\"image\":{\"@id\":\"https:\\\/\\\/alvesfilho.com\\\/365\\\/#\\\/schema\\\/logo\\\/image\\\/\"}}]}<\/script>\n<!-- \/ Yoast SEO plugin. -->","yoast_head_json":{"title":"Sobre \/ About - um farol, 365 clicks","robots":{"index":"index","follow":"follow","max-snippet":"max-snippet:-1","max-image-preview":"max-image-preview:large","max-video-preview":"max-video-preview:-1"},"canonical":"https:\/\/alvesfilho.com\/365\/sobre-about\/","og_locale":"en_US","og_type":"article","og_title":"Sobre \/ About - um farol, 365 clicks","og_description":"&#8220;Um Farol, 365 Clicks&#8221; \u00e9 uma s\u00e9rie fotogr\u00e1fica de autoria do fot\u00f3grafo Tunisio Alves Filho que tem como proposta registrar o Farol de Santo Ant\u00f4nio da&hellip;","og_url":"https:\/\/alvesfilho.com\/365\/sobre-about\/","og_site_name":"um farol, 365 clicks","article_modified_time":"2024-11-22T16:15:17+00:00","og_image":[{"width":349,"height":50,"url":"https:\/\/i0.wp.com\/alvesfilho.com\/365\/wp-content\/uploads\/2024\/11\/Farol_divider2.jpg?fit=349%2C50&ssl=1","type":"image\/jpeg"}],"twitter_card":"summary_large_image","twitter_misc":{"Est. reading time":"2 minutes"},"schema":{"@context":"https:\/\/schema.org","@graph":[{"@type":"WebPage","@id":"https:\/\/alvesfilho.com\/365\/sobre-about\/","url":"https:\/\/alvesfilho.com\/365\/sobre-about\/","name":"Sobre \/ About - um farol, 365 clicks","isPartOf":{"@id":"https:\/\/alvesfilho.com\/365\/#website"},"primaryImageOfPage":{"@id":"https:\/\/alvesfilho.com\/365\/sobre-about\/#primaryimage"},"image":{"@id":"https:\/\/alvesfilho.com\/365\/sobre-about\/#primaryimage"},"thumbnailUrl":"https:\/\/alvesfilho.com\/365\/wp-content\/uploads\/2024\/11\/Farol_divider2.jpg","datePublished":"2024-11-22T15:08:52+00:00","dateModified":"2024-11-22T16:15:17+00:00","breadcrumb":{"@id":"https:\/\/alvesfilho.com\/365\/sobre-about\/#breadcrumb"},"inLanguage":"en-US","potentialAction":[{"@type":"ReadAction","target":["https:\/\/alvesfilho.com\/365\/sobre-about\/"]}]},{"@type":"ImageObject","inLanguage":"en-US","@id":"https:\/\/alvesfilho.com\/365\/sobre-about\/#primaryimage","url":"https:\/\/i0.wp.com\/alvesfilho.com\/365\/wp-content\/uploads\/2024\/11\/Farol_divider2.jpg?fit=349%2C50&ssl=1","contentUrl":"https:\/\/i0.wp.com\/alvesfilho.com\/365\/wp-content\/uploads\/2024\/11\/Farol_divider2.jpg?fit=349%2C50&ssl=1","width":349,"height":50},{"@type":"BreadcrumbList","@id":"https:\/\/alvesfilho.com\/365\/sobre-about\/#breadcrumb","itemListElement":[{"@type":"ListItem","position":1,"name":"Home","item":"https:\/\/alvesfilho.com\/365\/"},{"@type":"ListItem","position":2,"name":"Sobre \/ About"}]},{"@type":"WebSite","@id":"https:\/\/alvesfilho.com\/365\/#website","url":"https:\/\/alvesfilho.com\/365\/","name":"um farol, 365 clicks","description":"O Farol da Barra em fotos de todos os \u00e2ngulos","publisher":{"@id":"https:\/\/alvesfilho.com\/365\/#organization"},"potentialAction":[{"@type":"SearchAction","target":{"@type":"EntryPoint","urlTemplate":"https:\/\/alvesfilho.com\/365\/?s={search_term_string}"},"query-input":{"@type":"PropertyValueSpecification","valueRequired":true,"valueName":"search_term_string"}}],"inLanguage":"en-US"},{"@type":"Organization","@id":"https:\/\/alvesfilho.com\/365\/#organization","name":"um farol, 365 clicks","url":"https:\/\/alvesfilho.com\/365\/","logo":{"@type":"ImageObject","inLanguage":"en-US","@id":"https:\/\/alvesfilho.com\/365\/#\/schema\/logo\/image\/","url":"https:\/\/i0.wp.com\/alvesfilho.com\/365\/wp-content\/uploads\/2024\/11\/cropped-squareLOGO.jpg?fit=268%2C274&ssl=1","contentUrl":"https:\/\/i0.wp.com\/alvesfilho.com\/365\/wp-content\/uploads\/2024\/11\/cropped-squareLOGO.jpg?fit=268%2C274&ssl=1","width":268,"height":274,"caption":"um farol, 365 clicks"},"image":{"@id":"https:\/\/alvesfilho.com\/365\/#\/schema\/logo\/image\/"}}]}},"jetpack_sharing_enabled":true,"_links":{"self":[{"href":"https:\/\/alvesfilho.com\/365\/wp-json\/wp\/v2\/pages\/23","targetHints":{"allow":["GET"]}}],"collection":[{"href":"https:\/\/alvesfilho.com\/365\/wp-json\/wp\/v2\/pages"}],"about":[{"href":"https:\/\/alvesfilho.com\/365\/wp-json\/wp\/v2\/types\/page"}],"author":[{"embeddable":true,"href":"https:\/\/alvesfilho.com\/365\/wp-json\/wp\/v2\/users\/2"}],"replies":[{"embeddable":true,"href":"https:\/\/alvesfilho.com\/365\/wp-json\/wp\/v2\/comments?post=23"}],"version-history":[{"count":5,"href":"https:\/\/alvesfilho.com\/365\/wp-json\/wp\/v2\/pages\/23\/revisions"}],"predecessor-version":[{"id":32,"href":"https:\/\/alvesfilho.com\/365\/wp-json\/wp\/v2\/pages\/23\/revisions\/32"}],"wp:attachment":[{"href":"https:\/\/alvesfilho.com\/365\/wp-json\/wp\/v2\/media?parent=23"}],"curies":[{"name":"wp","href":"https:\/\/api.w.org\/{rel}","templated":true}]}}